{"id":572,"date":"2024-03-20T07:18:08","date_gmt":"2024-03-20T14:18:08","guid":{"rendered":"https:\/\/seiu775benefitsgroup.org\/blog\/"},"modified":"2024-09-16T08:55:08","modified_gmt":"2024-09-16T15:55:08","slug":"blog","status":"publish","type":"page","link":"https:\/\/seiu775benefitsgroup.org\/es\/blog\/","title":{"rendered":"Blog"},"content":{"rendered":"\t\t<div data-elementor-type=\"wp-page\" data-elementor-id=\"572\" class=\"elementor elementor-572 elementor-423\" data-elementor-post-type=\"page\">\n\t\t\t\t<div class=\"elementor-element elementor-element-7c65fd1b e-flex e-con-boxed e-con e-parent\" data-id=\"7c65fd1b\" data-element_type=\"container\" data-settings=\"{&quot;jet_parallax_layout_list&quot;:[]}\">\n\t\t\t\t\t<div class=\"e-con-inner\">\n\t\t\t\t<div class=\"elementor-element elementor-element-cffc683 elementor-widget elementor-widget-text-editor\" data-id=\"cffc683\" data-element_type=\"widget\" data-widget_type=\"text-editor.default\">\n\t\t\t\t<div class=\"elementor-widget-container\">\n\t\t\t\t\t\t\t\t\t\n<p>Esta es una p\u00e1gina de ejemplo. Es diferente de una entrada de blog porque permanecer\u00e1 en un lugar y se mostrar\u00e1 en la navegaci\u00f3n de su sitio (en la mayor\u00eda de los temas). La mayor\u00eda de la gente empieza con una p\u00e1gina Acerca de que les presenta a los visitantes potenciales del sitio. Podr\u00eda decir algo as\u00ed:<\/p>\n\n\n\n<blockquote class=\"wp-block-quote\"><p>\u00a1Hola! Soy mensajero en bicicleta de d\u00eda, aspirante a actor de noche, y este es mi sitio web. Vivo en Los \u00c1ngeles, tengo un perro estupendo que se llama Jack y me gustan las pi\u00f1as coladas. (Y quedar atrapado en la lluvia.)<\/p><\/blockquote>\n\n\n\n<p>&#8230;o algo as\u00ed:<\/p>\n\n\n\n<blockquote class=\"wp-block-quote\"><p>XYZ Doohickey Company se fund\u00f3 en 1971 y, desde entonces, suministra doohickeys de calidad al p\u00fablico. Situada en Gotham City, XYZ emplea a m\u00e1s de 2.000 personas y hace todo tipo de cosas incre\u00edbles por la comunidad de Gotham.<\/p><\/blockquote>\n\n\n\n<p>Como nuevo usuario de WordPress, debe ir a <a href=\"http:\/\/seiu775bgorg.wpenginepowered.com\/wp-admin\/\">su panel de control<\/a> para eliminar esta p\u00e1gina y crear nuevas p\u00e1ginas para su contenido. \u00a1Que te diviertas!<\/p>\n\t\t\t\t\t\t\t\t<\/div>\n\t\t\t\t<\/div>\n\t\t\t\t\t<\/div>\n\t\t\t\t<\/div>\n\t\t<div class=\"elementor-element elementor-element-dd7f119 e-flex e-con-boxed e-con e-parent\" data-id=\"dd7f119\" data-element_type=\"container\" data-settings=\"{&quot;jet_parallax_layout_list&quot;:[]}\">\n\t\t\t\t\t<div class=\"e-con-inner\">\n\t\t<div class=\"elementor-element elementor-element-10e22b3 e-con-full e-flex e-con e-child\" data-id=\"10e22b3\" data-element_type=\"container\" data-settings=\"{&quot;jet_parallax_layout_list&quot;:[]}\">\n\t\t\t\t<div class=\"elementor-element elementor-element-04bafb6 elementor-widget elementor-widget-text-editor\" data-id=\"04bafb6\" data-element_type=\"widget\" data-widget_type=\"text-editor.default\">\n\t\t\t\t<div class=\"elementor-widget-container\">\n\t\t\t\t\t\t\t\t\t\n<p>Esta es una p\u00e1gina de ejemplo. Es diferente de una entrada de blog porque permanecer\u00e1 en un lugar y se mostrar\u00e1 en la navegaci\u00f3n de su sitio (en la mayor\u00eda de los temas). La mayor\u00eda de la gente empieza con una p\u00e1gina Acerca de que les presenta a los visitantes potenciales del sitio. Podr\u00eda decir algo as\u00ed:<\/p>\n\n\n\n<blockquote class=\"wp-block-quote\"><p>\u00a1Hola! Soy mensajero en bicicleta de d\u00eda, aspirante a actor de noche, y este es mi sitio web. Vivo en Los \u00c1ngeles, tengo un perro estupendo que se llama Jack y me gustan las pi\u00f1as coladas. (Y quedar atrapado en la lluvia.)<\/p><\/blockquote>\n\n\n\n<p>&#8230;o algo as\u00ed:<\/p>\n\n\n\n<blockquote class=\"wp-block-quote\"><p>XYZ Doohickey Company se fund\u00f3 en 1971 y, desde entonces, suministra doohickeys de calidad al p\u00fablico. Situada en Gotham City, XYZ emplea a m\u00e1s de 2.000 personas y hace todo tipo de cosas incre\u00edbles por la comunidad de Gotham.<\/p><\/blockquote>\n\n\n\n<p>Como nuevo usuario de WordPress, debe ir a <a href=\"http:\/\/seiu775bgorg.wpenginepowered.com\/wp-admin\/\">su panel de control<\/a> para eliminar esta p\u00e1gina y crear nuevas p\u00e1ginas para su contenido. \u00a1Que te diviertas!<\/p>\n\t\t\t\t\t\t\t\t<\/div>\n\t\t\t\t<\/div>\n\t\t\t\t<\/div>\n\t\t<div class=\"elementor-element elementor-element-c0954e1 e-con-full e-flex e-con e-child\" data-id=\"c0954e1\" data-element_type=\"container\" data-settings=\"{&quot;jet_parallax_layout_list&quot;:[]}\">\n\t\t\t\t<div class=\"elementor-element elementor-element-74ecb9a elementor-widget elementor-widget-text-editor\" data-id=\"74ecb9a\" data-element_type=\"widget\" data-widget_type=\"text-editor.default\">\n\t\t\t\t<div class=\"elementor-widget-container\">\n\t\t\t\t\t\t\t\t\t\n<p>Esta es una p\u00e1gina de ejemplo. Es diferente de una entrada de blog porque permanecer\u00e1 en un lugar y se mostrar\u00e1 en la navegaci\u00f3n de su sitio (en la mayor\u00eda de los temas). La mayor\u00eda de la gente empieza con una p\u00e1gina Acerca de que les presenta a los visitantes potenciales del sitio. Podr\u00eda decir algo as\u00ed:<\/p>\n\n\n\n<blockquote class=\"wp-block-quote\"><p>\u00a1Hola! Soy mensajero en bicicleta de d\u00eda, aspirante a actor de noche, y este es mi sitio web. Vivo en Los \u00c1ngeles, tengo un perro estupendo que se llama Jack y me gustan las pi\u00f1as coladas. (Y quedar atrapado en la lluvia.)<\/p><\/blockquote>\n\n\n\n<p>&#8230;o algo as\u00ed:<\/p>\n\n\n\n<blockquote class=\"wp-block-quote\"><p>XYZ Doohickey Company se fund\u00f3 en 1971 y, desde entonces, suministra doohickeys de calidad al p\u00fablico. Situada en Gotham City, XYZ emplea a m\u00e1s de 2.000 personas y hace todo tipo de cosas incre\u00edbles por la comunidad de Gotham.<\/p><\/blockquote>\n\n\n\n<p>Como nuevo usuario de WordPress, debe ir a <a href=\"http:\/\/seiu775bgorg.wpenginepowered.com\/wp-admin\/\">su panel de control<\/a> para eliminar esta p\u00e1gina y crear nuevas p\u00e1ginas para su contenido. \u00a1Que te diviertas!<\/p>\n\t\t\t\t\t\t\t\t<\/div>\n\t\t\t\t<\/div>\n\t\t\t\t<\/div>\n\t\t\t\t\t<\/div>\n\t\t\t\t<\/div>\n\t\t\t\t<\/div>\n\t\t","protected":false},"excerpt":{"rendered":"<p>Esta es una p\u00e1gina de ejemplo. Es diferente de una entrada de blog porque permanecer\u00e1 en un lugar y se mostrar\u00e1 en la navegaci\u00f3n de su sitio (en la mayor\u00eda de los temas). La mayor\u00eda de la gente empieza con una p\u00e1gina Acerca de que les presenta a los visitantes potenciales del sitio. Podr\u00eda decir [&hellip;]<\/p>\n","protected":false},"author":1,"featured_media":0,"parent":0,"menu_order":800,"comment_status":"closed","ping_status":"closed","template":"elementor_header_footer","meta":{"_acf_changed":false,"footnotes":""},"folder":[],"class_list":["post-572","page","type-page","status-publish","hentry"],"acf":[],"yoast_head":"<!-- This site is optimized with the Yoast SEO plugin v27.3 - https:\/\/yoast.com\/product\/yoast-seo-wordpress\/ -->\n<title>Blog - SEIU 775 Benefits Group<\/title>\n<meta name=\"robots\" content=\"noindex, follow, max-snippet:-1, max-image-preview:large, max-video-preview:-1\" \/>\n<meta property=\"og:locale\" content=\"es_ES\" \/>\n<meta property=\"og:type\" content=\"article\" \/>\n<meta property=\"og:title\" content=\"Blog - SEIU 775 Benefits Group\" \/>\n<meta property=\"og:description\" content=\"Esta es una p\u00e1gina de ejemplo. Es diferente de una entrada de blog porque permanecer\u00e1 en un lugar y se mostrar\u00e1 en la navegaci\u00f3n de su sitio (en la mayor\u00eda de los temas). La mayor\u00eda de la gente empieza con una p\u00e1gina Acerca de que les presenta a los visitantes potenciales del sitio. Podr\u00eda decir [&hellip;]\" \/>\n<meta property=\"og:url\" content=\"https:\/\/seiu775benefitsgroup.org\/es\/blog\/\" \/>\n<meta property=\"og:site_name\" content=\"SEIU 775 Benefits Group\" \/>\n<meta property=\"article:modified_time\" content=\"2024-09-16T15:55:08+00:00\" \/>\n<meta name=\"twitter:card\" content=\"summary_large_image\" \/>\n<meta name=\"twitter:label1\" content=\"Est. reading time\" \/>\n\t<meta name=\"twitter:data1\" content=\"2 minutos\" \/>\n<script type=\"application\/ld+json\" class=\"yoast-schema-graph\">{\"@context\":\"https:\\\/\\\/schema.org\",\"@graph\":[{\"@type\":\"WebPage\",\"@id\":\"https:\\\/\\\/seiu775benefitsgroup.org\\\/es\\\/blog\\\/\",\"url\":\"https:\\\/\\\/seiu775benefitsgroup.org\\\/es\\\/blog\\\/\",\"name\":\"Blog - SEIU 775 Benefits Group\",\"isPartOf\":{\"@id\":\"https:\\\/\\\/seiu775benefitsgroup.org\\\/es\\\/#website\"},\"datePublished\":\"2024-03-20T14:18:08+00:00\",\"dateModified\":\"2024-09-16T15:55:08+00:00\",\"breadcrumb\":{\"@id\":\"https:\\\/\\\/seiu775benefitsgroup.org\\\/es\\\/blog\\\/#breadcrumb\"},\"inLanguage\":\"es\",\"potentialAction\":[{\"@type\":\"ReadAction\",\"target\":[\"https:\\\/\\\/seiu775benefitsgroup.org\\\/es\\\/blog\\\/\"]}]},{\"@type\":\"BreadcrumbList\",\"@id\":\"https:\\\/\\\/seiu775benefitsgroup.org\\\/es\\\/blog\\\/#breadcrumb\",\"itemListElement\":[{\"@type\":\"ListItem\",\"position\":1,\"name\":\"Home\",\"item\":\"https:\\\/\\\/seiu775benefitsgroup.org\\\/es\\\/\"},{\"@type\":\"ListItem\",\"position\":2,\"name\":\"Blog\"}]},{\"@type\":\"WebSite\",\"@id\":\"https:\\\/\\\/seiu775benefitsgroup.org\\\/es\\\/#website\",\"url\":\"https:\\\/\\\/seiu775benefitsgroup.org\\\/es\\\/\",\"name\":\"SEIU 775 Benefits Group\",\"description\":\"\",\"publisher\":{\"@id\":\"https:\\\/\\\/seiu775benefitsgroup.org\\\/es\\\/#organization\"},\"potentialAction\":[{\"@type\":\"SearchAction\",\"target\":{\"@type\":\"EntryPoint\",\"urlTemplate\":\"https:\\\/\\\/seiu775benefitsgroup.org\\\/es\\\/?s={search_term_string}\"},\"query-input\":{\"@type\":\"PropertyValueSpecification\",\"valueRequired\":true,\"valueName\":\"search_term_string\"}}],\"inLanguage\":\"es\"},{\"@type\":\"Organization\",\"@id\":\"https:\\\/\\\/seiu775benefitsgroup.org\\\/es\\\/#organization\",\"name\":\"SEIU 775 Benefits Group\",\"url\":\"https:\\\/\\\/seiu775benefitsgroup.org\\\/es\\\/\",\"logo\":{\"@type\":\"ImageObject\",\"inLanguage\":\"es\",\"@id\":\"https:\\\/\\\/seiu775benefitsgroup.org\\\/es\\\/#\\\/schema\\\/logo\\\/image\\\/\",\"url\":\"https:\\\/\\\/seiu775benefitsgroup.org\\\/wp-content\\\/uploads\\\/2024\\\/02\\\/seiu-logo-header-01a.svg\",\"contentUrl\":\"https:\\\/\\\/seiu775benefitsgroup.org\\\/wp-content\\\/uploads\\\/2024\\\/02\\\/seiu-logo-header-01a.svg\",\"width\":197,\"height\":49,\"caption\":\"SEIU 775 Benefits Group\"},\"image\":{\"@id\":\"https:\\\/\\\/seiu775benefitsgroup.org\\\/es\\\/#\\\/schema\\\/logo\\\/image\\\/\"}}]}<\/script>\n<!-- \/ Yoast SEO plugin. -->","yoast_head_json":{"title":"Blog - SEIU 775 Benefits Group","robots":{"index":"noindex","follow":"follow","max-snippet":"max-snippet:-1","max-image-preview":"max-image-preview:large","max-video-preview":"max-video-preview:-1"},"og_locale":"es_ES","og_type":"article","og_title":"Blog - SEIU 775 Benefits Group","og_description":"Esta es una p\u00e1gina de ejemplo. Es diferente de una entrada de blog porque permanecer\u00e1 en un lugar y se mostrar\u00e1 en la navegaci\u00f3n de su sitio (en la mayor\u00eda de los temas). La mayor\u00eda de la gente empieza con una p\u00e1gina Acerca de que les presenta a los visitantes potenciales del sitio. Podr\u00eda decir [&hellip;]","og_url":"https:\/\/seiu775benefitsgroup.org\/es\/blog\/","og_site_name":"SEIU 775 Benefits Group","article_modified_time":"2024-09-16T15:55:08+00:00","twitter_card":"summary_large_image","twitter_misc":{"Est. reading time":"2 minutos"},"schema":{"@context":"https:\/\/schema.org","@graph":[{"@type":"WebPage","@id":"https:\/\/seiu775benefitsgroup.org\/es\/blog\/","url":"https:\/\/seiu775benefitsgroup.org\/es\/blog\/","name":"Blog - SEIU 775 Benefits Group","isPartOf":{"@id":"https:\/\/seiu775benefitsgroup.org\/es\/#website"},"datePublished":"2024-03-20T14:18:08+00:00","dateModified":"2024-09-16T15:55:08+00:00","breadcrumb":{"@id":"https:\/\/seiu775benefitsgroup.org\/es\/blog\/#breadcrumb"},"inLanguage":"es","potentialAction":[{"@type":"ReadAction","target":["https:\/\/seiu775benefitsgroup.org\/es\/blog\/"]}]},{"@type":"BreadcrumbList","@id":"https:\/\/seiu775benefitsgroup.org\/es\/blog\/#breadcrumb","itemListElement":[{"@type":"ListItem","position":1,"name":"Home","item":"https:\/\/seiu775benefitsgroup.org\/es\/"},{"@type":"ListItem","position":2,"name":"Blog"}]},{"@type":"WebSite","@id":"https:\/\/seiu775benefitsgroup.org\/es\/#website","url":"https:\/\/seiu775benefitsgroup.org\/es\/","name":"SEIU 775 Benefits Group","description":"","publisher":{"@id":"https:\/\/seiu775benefitsgroup.org\/es\/#organization"},"potentialAction":[{"@type":"SearchAction","target":{"@type":"EntryPoint","urlTemplate":"https:\/\/seiu775benefitsgroup.org\/es\/?s={search_term_string}"},"query-input":{"@type":"PropertyValueSpecification","valueRequired":true,"valueName":"search_term_string"}}],"inLanguage":"es"},{"@type":"Organization","@id":"https:\/\/seiu775benefitsgroup.org\/es\/#organization","name":"SEIU 775 Benefits Group","url":"https:\/\/seiu775benefitsgroup.org\/es\/","logo":{"@type":"ImageObject","inLanguage":"es","@id":"https:\/\/seiu775benefitsgroup.org\/es\/#\/schema\/logo\/image\/","url":"https:\/\/seiu775benefitsgroup.org\/wp-content\/uploads\/2024\/02\/seiu-logo-header-01a.svg","contentUrl":"https:\/\/seiu775benefitsgroup.org\/wp-content\/uploads\/2024\/02\/seiu-logo-header-01a.svg","width":197,"height":49,"caption":"SEIU 775 Benefits Group"},"image":{"@id":"https:\/\/seiu775benefitsgroup.org\/es\/#\/schema\/logo\/image\/"}}]}},"_links":{"self":[{"href":"https:\/\/seiu775benefitsgroup.org\/es\/wp-json\/wp\/v2\/pages\/572","targetHints":{"allow":["GET"]}}],"collection":[{"href":"https:\/\/seiu775benefitsgroup.org\/es\/wp-json\/wp\/v2\/pages"}],"about":[{"href":"https:\/\/seiu775benefitsgroup.org\/es\/wp-json\/wp\/v2\/types\/page"}],"author":[{"embeddable":true,"href":"https:\/\/seiu775benefitsgroup.org\/es\/wp-json\/wp\/v2\/users\/1"}],"replies":[{"embeddable":true,"href":"https:\/\/seiu775benefitsgroup.org\/es\/wp-json\/wp\/v2\/comments?post=572"}],"version-history":[{"count":0,"href":"https:\/\/seiu775benefitsgroup.org\/es\/wp-json\/wp\/v2\/pages\/572\/revisions"}],"wp:attachment":[{"href":"https:\/\/seiu775benefitsgroup.org\/es\/wp-json\/wp\/v2\/media?parent=572"}],"wp:term":[{"taxonomy":"folder","embeddable":true,"href":"https:\/\/seiu775benefitsgroup.org\/es\/wp-json\/wp\/v2\/folder?post=572"}],"curies":[{"name":"wp","href":"https:\/\/api.w.org\/{rel}","templated":true}]}}